{"id":2540,"date":"2018-06-11T08:37:58","date_gmt":"2018-06-11T08:37:58","guid":{"rendered":"http:\/\/www.gregorjev.net\/juteks\/zaposlitev\/"},"modified":"2018-06-25T10:27:01","modified_gmt":"2018-06-25T10:27:01","slug":"jobs","status":"publish","type":"page","link":"https:\/\/www.juteks.si\/en\/jobs\/","title":{"rendered":"Jobs"},"content":{"rendered":"<section class=\"wpb-content-wrapper\"><p>[vc_row][vc_column][vc_column_text]<\/p>\n<h4 style=\"text-align: center;\"><\/h4>\n<h4 style=\"text-align: center;\">\u00a0Join our team and become part of Juteks and the <a href=\"https:\/\/bintg.com\/en\">B.I.G. family<\/a>, in it, in more than 14 countries of the world, more than 4.500 people are already fulfilling their goals<\/h4>\n<p>[\/vc_column_text][vc_empty_space height=&#8221;40px&#8221;][\/vc_column][\/vc_row][vc_row][vc_column width=&#8221;1\/2&#8243;][vc_tta_accordion style=&#8221;modern&#8221; c_icon=&#8221;chevron&#8221; active_section=&#8221;1&#8243;][vc_tta_section title=&#8221;We care about the satisfaction of our customers&#8221; tab_id=&#8221;1528706544629-db486f51-035c&#8221;][vc_column_text]<\/p>\n<ul>\n<li>We fulfill and exceed the expectations of our customers<\/li>\n<li>We strive for long-term cooperation<\/li>\n<li>We proactively monitor market activities<\/li>\n<\/ul>\n<p>[\/vc_column_text][\/vc_tta_section][vc_tta_section title=&#8221;We strive for perfection&#8221; tab_id=&#8221;1528706544703-8faf932c-9620&#8243;][vc_column_text]<\/p>\n<ul>\n<li>We are distinguished in everything we do<\/li>\n<li>We are constantly improving our our products, processes, systems and organization<\/li>\n<li>We invest in inovations, technological know-how, and operational efficiency<\/li>\n<\/ul>\n<p>[\/vc_column_text][\/vc_tta_section][vc_tta_section title=&#8221;We are focused on people&#8221; tab_id=&#8221;1528707422097-f3c29d14-a64a&#8221;][vc_column_text]<\/p>\n<ul>\n<li>We appreciate the abilities, enthusiasm and diversity of our employees<\/li>\n<li>We encourage initiative, affiliation and growth<\/li>\n<li>We are proud to work in Juteks and B.I.G.<\/li>\n<\/ul>\n<p>[\/vc_column_text][\/vc_tta_section][vc_tta_section title=&#8221;We create added value&#8221; tab_id=&#8221;1528707446755-35c03a9a-d3a3&#8243;][vc_column_text]<\/p>\n<ul>\n<li>We are a successful, profitable company that grows in a sustainable manner<\/li>\n<li>We know how to make use of synergies and optimize the usage of all our resources<\/li>\n<li>We create added value for our owners<\/li>\n<\/ul>\n<p>[\/vc_column_text][\/vc_tta_section][vc_tta_section title=&#8221;We are reliable&#8221; tab_id=&#8221;1528707461904-b2e05428-8602&#8243;][vc_column_text]<\/p>\n<ul>\n<li>We act in accordance with the highest ethical principles in all areas<\/li>\n<li>We lead with honesty and respect<\/li>\n<li>We are a reliable business partner and employer<\/li>\n<\/ul>\n<p>[\/vc_column_text][\/vc_tta_section][\/vc_tta_accordion][\/vc_column][vc_column width=&#8221;1\/2&#8243;][vc_single_image image=&#8221;2422&#8243; img_size=&#8221;500&#215;322&#8243; add_caption=&#8221;yes&#8221; alignment=&#8221;center&#8221; style=&#8221;vc_box_outline&#8221; onclick=&#8221;link_image&#8221;][\/vc_column][\/vc_row][vc_row full_width=&#8221;stretch_row&#8221; bg_type=&#8221;image&#8221; parallax_style=&#8221;vcpb-vz-jquery&#8221; bg_image_new=&#8221;id^2502|url^http:\/\/juteks.si\/wp-content\/uploads\/2018\/06\/slide1.jpg|caption^null|alt^null|title^slide1|description^null&#8221; enable_overlay=&#8221;enable_overlay_value&#8221; overlay_color=&#8221;#000000&#8243; overlay_pattern=&#8221;01.png&#8221; overlay_pattern_opacity=&#8221;80&#8243; css=&#8221;.vc_custom_1529398953571{border-top-width: 1px !important;border-bottom-width: 1px !important;padding-top: 100px !important;padding-bottom: 100px !important;border-top-color: #0c0c0c !important;border-top-style: solid !important;border-bottom-color: #0c0c0c !important;border-bottom-style: solid !important;border-radius: 1px !important;}&#8221;][vc_column][vc_custom_heading text=&#8221;TRENUTNO NE I\u0160\u010cEMO SODELAVCEV&#8221; font_container=&#8221;tag:h2|font_size:22|text_align:center|color:%23ffffff&#8221; google_fonts=&#8221;font_family:Open%20Sans%3A300%2C300italic%2Cregular%2Citalic%2C600%2C600italic%2C700%2C700italic%2C800%2C800italic|font_style:400%20regular%3A400%3Anormal&#8221; css=&#8221;.vc_custom_1529398924480{padding-top: 15px !important;padding-bottom: 15px !important;}&#8221;][\/vc_column][\/vc_row][vc_row full_width=&#8221;stretch_row&#8221; bg_type=&#8221;image&#8221; parallax_style=&#8221;vcpb-vz-jquery&#8221; bg_image_new=&#8221;id^2502|url^http:\/\/juteks.si\/wp-content\/uploads\/2018\/06\/slide1.jpg|caption^null|alt^null|title^slide1|description^null&#8221; enable_overlay=&#8221;enable_overlay_value&#8221; overlay_color=&#8221;rgba(0,0,0,0.49)&#8221; overlay_pattern=&#8221;01.png&#8221; overlay_pattern_opacity=&#8221;80&#8243; css=&#8221;.vc_custom_1529396311927{border-top-width: 1px !important;border-bottom-width: 1px !important;border-top-color: #0c0c0c !important;border-top-style: solid !important;border-bottom-color: #0c0c0c !important;border-bottom-style: solid !important;border-radius: 1px !important;}&#8221;][vc_column][vc_custom_heading text=&#8221;I\u0160\u010cEMO SODELAVCE&#8221; font_container=&#8221;tag:h2|font_size:22|text_align:center|color:%23ffffff&#8221; google_fonts=&#8221;font_family:Open%20Sans%3A300%2C300italic%2Cregular%2Citalic%2C600%2C600italic%2C700%2C700italic%2C800%2C800italic|font_style:400%20regular%3A400%3Anormal&#8221; css=&#8221;.vc_custom_1529397629265{padding-top: 15px !important;padding-bottom: 15px !important;}&#8221;]\n<div class=\"wpcf7 no-js\" id=\"wpcf7-f2577-o1\" lang=\"sl-SI\" dir=\"ltr\">\n<div class=\"screen-reader-response\"><p role=\"status\" aria-live=\"polite\" aria-atomic=\"true\"><\/p> <ul><\/ul><\/div>\n<form action=\"\/en\/wp-json\/wp\/v2\/pages\/2540#wpcf7-f2577-o1\" method=\"post\" class=\"wpcf7-form init\" aria-label=\"Contact form\" enctype=\"multipart\/form-data\" novalidate=\"novalidate\" data-status=\"init\">\n<div style=\"display: none;\">\n<input type=\"hidden\" name=\"_wpcf7\" value=\"2577\" \/>\n<input type=\"hidden\" name=\"_wpcf7_version\" value=\"5.7.4\" \/>\n<input type=\"hidden\" name=\"_wpcf7_locale\" value=\"sl_SI\" \/>\n<input type=\"hidden\" name=\"_wpcf7_unit_tag\" value=\"wpcf7-f2577-o1\" \/>\n<input type=\"hidden\" name=\"_wpcf7_container_post\" value=\"0\" \/>\n<input type=\"hidden\" name=\"_wpcf7_posted_data_hash\" value=\"\" \/>\n<\/div>\n<table width=\"70%\" >\n\t<tr>\n\t\t<td>\n\t\t\t<p><span class=\"wpcf7-form-control-wrap\" data-name=\"your-name\"><input size=\"40\" class=\"wpcf7-form-control wpcf7-text wpcf7-validates-as-required\" aria-required=\"true\" aria-invalid=\"false\" placeholder=\"Ime*\" value=\"\" type=\"text\" name=\"your-name\" \/><\/span>\n\t\t\t<\/p>\n\t\t<\/td>\n\t\t<td>\n\t\t\t<p><span class=\"wpcf7-form-control-wrap\" data-name=\"Priimek\"><input size=\"40\" class=\"wpcf7-form-control wpcf7-text wpcf7-validates-as-required\" aria-required=\"true\" aria-invalid=\"false\" placeholder=\"Priimek*\" value=\"\" type=\"text\" name=\"Priimek\" \/><\/span>\n\t\t\t<\/p>\n\t\t<\/td>\n\t<\/tr>\n\t<tr>\n\t\t<td>\n\t\t\t<p><span class=\"wpcf7-form-control-wrap\" data-name=\"Ulica\"><input size=\"40\" class=\"wpcf7-form-control wpcf7-text wpcf7-validates-as-required\" aria-required=\"true\" aria-invalid=\"false\" placeholder=\"Naslov*\" value=\"\" type=\"text\" name=\"Ulica\" \/><\/span>\n\t\t\t<\/p>\n\t\t<\/td>\n\t\t<td>\n\t\t\t<p><span class=\"wpcf7-form-control-wrap\" data-name=\"Hinat\"><input size=\"40\" class=\"wpcf7-form-control wpcf7-text wpcf7-validates-as-required\" aria-required=\"true\" aria-invalid=\"false\" placeholder=\"Kraj*\" value=\"\" type=\"text\" name=\"Hinat\" \/><\/span>\n\t\t\t<\/p>\n\t\t<\/td>\n\t<\/tr>\n\t<tr>\n\t\t<td>\n\t\t\t<p><span class=\"wpcf7-form-control-wrap\" data-name=\"Email\"><input size=\"40\" class=\"wpcf7-form-control wpcf7-text wpcf7-email wpcf7-validates-as-required wpcf7-validates-as-email\" aria-required=\"true\" aria-invalid=\"false\" placeholder=\"\u0415-mail*\" value=\"\" type=\"email\" name=\"Email\" \/><\/span>\n\t\t\t<\/p>\n\t\t<\/td>\n\t\t<td>\n\t\t\t<p><span class=\"wpcf7-form-control-wrap\" data-name=\"Telefon\"><input size=\"40\" class=\"wpcf7-form-control wpcf7-text\" aria-invalid=\"false\" placeholder=\"Telefon\" value=\"\" type=\"text\" name=\"Telefon\" \/><\/span>\n\t\t\t<\/p>\n\t\t<\/td>\n\t<\/tr>\n<\/table>\n<table width=\"70%\">\n\t<tr>\n\t\t<td>\n\t\t\t<p><span class=\"wpcf7-form-control-wrap\" data-name=\"opis\"><textarea cols=\"40\" rows=\"10\" class=\"wpcf7-form-control wpcf7-textarea wpcf7-validates-as-required\" aria-required=\"true\" aria-invalid=\"false\" placeholder=\"Spremno besedilo\" name=\"opis\"><\/textarea><\/span>\n\t\t\t<\/p>\n\t\t<\/td>\n\t<\/tr>\n<\/table>\n<font face=\"verdana\" color=\"white\">Prosimo prilo\u017eite va\u0161 \u017eivljenjepis (CV):\n<\/font>\n<p><span class=\"wpcf7-form-control-wrap\" data-name=\"CV\"><input size=\"40\" class=\"wpcf7-form-control wpcf7-file wpcf7-validates-as-required\" accept=\"audio\/*,video\/*,image\/*\" aria-required=\"true\" aria-invalid=\"false\" type=\"file\" name=\"CV\" \/><\/span>\n<\/p>\n<p><span class=\"wpcf7-form-control-wrap\" data-name=\"besedilo1\"><span class=\"wpcf7-form-control wpcf7-checkbox wpcf7-validates-as-required\"><span class=\"wpcf7-list-item first last\"><input type=\"checkbox\" name=\"besedilo1[]\" value=\"Da\" \/><span class=\"wpcf7-list-item-label\">Da<\/span><\/span><\/span><\/span>\n\t<font face=\"verdana\" color=\"white\">, z izpolnjevanjem in po\u0161iljanjem tega kontaktnega obrazca potrjujem, da sem prebral-a va\u0161 Splo\u0161ni pravilnik o zasebnosti in ga razumem ter nanj pristajam brez dvomov in zadr\u017ekov. Splo\u0161ni pravilnik o zasebnosti je na voljo <a href=\"http:\/\/juteks.si\/wp-content\/uploads\/2018\/06\/Splo%C5%A1ni-pravilnik-o-zasebnosti-BIG-1.pdf\">TUKAJ<\/a>\n\t<\/font><br \/>\n<input class=\"wpcf7-form-control has-spinner wpcf7-submit\" type=\"submit\" value=\"Po\u0161lji\" \/>\n<\/p><div class=\"wpcf7-response-output\" aria-hidden=\"true\"><\/div>\n<\/form>\n<\/div>\n[\/vc_column][\/vc_row]<\/p>\n<\/section>","protected":false},"excerpt":{"rendered":"<p>[vc_row][vc_column][vc_column_text] \u00a0Join our team and become part of Juteks and the B.I.G. family, in it, in more than 14 countries of the world, more than 4.500 people are already fulfilling their goals [\/vc_column_text][vc_empty_space height=&#8221;40px&#8221;][\/vc_column][\/vc_row][vc_row][vc_column width=&#8221;1\/2&#8243;][vc_tta_accordion style=&#8221;modern&#8221; c_icon=&#8221;chevron&#8221; active_section=&#8221;1&#8243;][vc_tta_section title=&#8221;We care about the satisfaction of our customers&#8221; tab_id=&#8221;1528706544629-db486f51-035c&#8221;][vc_column_text] We fulfill and exceed the expectations of our&hellip;<\/p>\n","protected":false},"author":1,"featured_media":0,"parent":0,"menu_order":0,"comment_status":"closed","ping_status":"closed","template":"","meta":[],"yoast_head":"<!-- This site is optimized with the Yoast SEO plugin v20.3 - https:\/\/yoast.com\/wordpress\/plugins\/seo\/ -->\n<title>Jobs in Juteks<\/title>\n<meta name=\"description\" content=\"Join our team and become part of Juteks and the B.I.G. family, in it, in more than 4.500 people are already fulfilling their goals\" \/>\n<meta name=\"robots\" content=\"index, follow, max-snippet:-1, max-image-preview:large, max-video-preview:-1\" \/>\n<link rel=\"canonical\" href=\"https:\/\/www.juteks.si\/en\/jobs\/\" \/>\n<meta property=\"og:locale\" content=\"en_US\" \/>\n<meta property=\"og:type\" content=\"article\" \/>\n<meta property=\"og:title\" content=\"Jobs in Juteks\" \/>\n<meta property=\"og:description\" content=\"Join our team and become part of Juteks and the B.I.G. family, in it, in more than 4.500 people are already fulfilling their goals\" \/>\n<meta property=\"og:url\" content=\"https:\/\/www.juteks.si\/en\/jobs\/\" \/>\n<meta property=\"og:site_name\" content=\"Juteks\" \/>\n<meta property=\"article:modified_time\" content=\"2018-06-25T10:27:01+00:00\" \/>\n<meta property=\"og:image\" content=\"https:\/\/www.juteks.si\/wp-content\/uploads\/2018\/07\/juteks.png\" \/>\n\t<meta property=\"og:image:width\" content=\"1224\" \/>\n\t<meta property=\"og:image:height\" content=\"760\" \/>\n\t<meta property=\"og:image:type\" content=\"image\/png\" \/>\n<meta name=\"twitter:card\" content=\"summary_large_image\" \/>\n<meta name=\"twitter:label1\" content=\"Est. reading time\" \/>\n\t<meta name=\"twitter:data1\" content=\"3 minutes\" \/>\n<script type=\"application\/ld+json\" class=\"yoast-schema-graph\">{\"@context\":\"https:\/\/schema.org\",\"@graph\":[{\"@type\":\"WebPage\",\"@id\":\"https:\/\/www.juteks.si\/en\/jobs\/\",\"url\":\"https:\/\/www.juteks.si\/en\/jobs\/\",\"name\":\"Jobs in Juteks\",\"isPartOf\":{\"@id\":\"https:\/\/www.juteks.si\/#website\"},\"datePublished\":\"2018-06-11T08:37:58+00:00\",\"dateModified\":\"2018-06-25T10:27:01+00:00\",\"description\":\"Join our team and become part of Juteks and the B.I.G. family, in it, in more than 4.500 people are already fulfilling their goals\",\"breadcrumb\":{\"@id\":\"https:\/\/www.juteks.si\/en\/jobs\/#breadcrumb\"},\"inLanguage\":\"en-US\",\"potentialAction\":[{\"@type\":\"ReadAction\",\"target\":[\"https:\/\/www.juteks.si\/en\/jobs\/\"]}]},{\"@type\":\"BreadcrumbList\",\"@id\":\"https:\/\/www.juteks.si\/en\/jobs\/#breadcrumb\",\"itemListElement\":[{\"@type\":\"ListItem\",\"position\":1,\"name\":\"Home\",\"item\":\"https:\/\/www.juteks.si\/en\/home\/\"},{\"@type\":\"ListItem\",\"position\":2,\"name\":\"Jobs\"}]},{\"@type\":\"WebSite\",\"@id\":\"https:\/\/www.juteks.si\/#website\",\"url\":\"https:\/\/www.juteks.si\/\",\"name\":\"Juteks\",\"description\":\"Talne obloge za pod vsako nogo\",\"publisher\":{\"@id\":\"https:\/\/www.juteks.si\/#organization\"},\"potentialAction\":[{\"@type\":\"SearchAction\",\"target\":{\"@type\":\"EntryPoint\",\"urlTemplate\":\"https:\/\/www.juteks.si\/?s={search_term_string}\"},\"query-input\":\"required name=search_term_string\"}],\"inLanguage\":\"en-US\"},{\"@type\":\"Organization\",\"@id\":\"https:\/\/www.juteks.si\/#organization\",\"name\":\"Juteks d.o.o.\",\"url\":\"https:\/\/www.juteks.si\/\",\"logo\":{\"@type\":\"ImageObject\",\"inLanguage\":\"en-US\",\"@id\":\"https:\/\/www.juteks.si\/#\/schema\/logo\/image\/\",\"url\":\"https:\/\/www.juteks.si\/wp-content\/uploads\/2018\/05\/logo_retina.png\",\"contentUrl\":\"https:\/\/www.juteks.si\/wp-content\/uploads\/2018\/05\/logo_retina.png\",\"width\":600,\"height\":163,\"caption\":\"Juteks d.o.o.\"},\"image\":{\"@id\":\"https:\/\/www.juteks.si\/#\/schema\/logo\/image\/\"}}]}<\/script>\n<!-- \/ Yoast SEO plugin. -->","yoast_head_json":{"title":"Jobs in Juteks","description":"Join our team and become part of Juteks and the B.I.G. family, in it, in more than 4.500 people are already fulfilling their goals","robots":{"index":"index","follow":"follow","max-snippet":"max-snippet:-1","max-image-preview":"max-image-preview:large","max-video-preview":"max-video-preview:-1"},"canonical":"https:\/\/www.juteks.si\/en\/jobs\/","og_locale":"en_US","og_type":"article","og_title":"Jobs in Juteks","og_description":"Join our team and become part of Juteks and the B.I.G. family, in it, in more than 4.500 people are already fulfilling their goals","og_url":"https:\/\/www.juteks.si\/en\/jobs\/","og_site_name":"Juteks","article_modified_time":"2018-06-25T10:27:01+00:00","og_image":[{"width":1224,"height":760,"url":"https:\/\/www.juteks.si\/wp-content\/uploads\/2018\/07\/juteks.png","type":"image\/png"}],"twitter_card":"summary_large_image","twitter_misc":{"Est. reading time":"3 minutes"},"schema":{"@context":"https:\/\/schema.org","@graph":[{"@type":"WebPage","@id":"https:\/\/www.juteks.si\/en\/jobs\/","url":"https:\/\/www.juteks.si\/en\/jobs\/","name":"Jobs in Juteks","isPartOf":{"@id":"https:\/\/www.juteks.si\/#website"},"datePublished":"2018-06-11T08:37:58+00:00","dateModified":"2018-06-25T10:27:01+00:00","description":"Join our team and become part of Juteks and the B.I.G. family, in it, in more than 4.500 people are already fulfilling their goals","breadcrumb":{"@id":"https:\/\/www.juteks.si\/en\/jobs\/#breadcrumb"},"inLanguage":"en-US","potentialAction":[{"@type":"ReadAction","target":["https:\/\/www.juteks.si\/en\/jobs\/"]}]},{"@type":"BreadcrumbList","@id":"https:\/\/www.juteks.si\/en\/jobs\/#breadcrumb","itemListElement":[{"@type":"ListItem","position":1,"name":"Home","item":"https:\/\/www.juteks.si\/en\/home\/"},{"@type":"ListItem","position":2,"name":"Jobs"}]},{"@type":"WebSite","@id":"https:\/\/www.juteks.si\/#website","url":"https:\/\/www.juteks.si\/","name":"Juteks","description":"Talne obloge za pod vsako nogo","publisher":{"@id":"https:\/\/www.juteks.si\/#organization"},"potentialAction":[{"@type":"SearchAction","target":{"@type":"EntryPoint","urlTemplate":"https:\/\/www.juteks.si\/?s={search_term_string}"},"query-input":"required name=search_term_string"}],"inLanguage":"en-US"},{"@type":"Organization","@id":"https:\/\/www.juteks.si\/#organization","name":"Juteks d.o.o.","url":"https:\/\/www.juteks.si\/","logo":{"@type":"ImageObject","inLanguage":"en-US","@id":"https:\/\/www.juteks.si\/#\/schema\/logo\/image\/","url":"https:\/\/www.juteks.si\/wp-content\/uploads\/2018\/05\/logo_retina.png","contentUrl":"https:\/\/www.juteks.si\/wp-content\/uploads\/2018\/05\/logo_retina.png","width":600,"height":163,"caption":"Juteks d.o.o."},"image":{"@id":"https:\/\/www.juteks.si\/#\/schema\/logo\/image\/"}}]}},"_links":{"self":[{"href":"https:\/\/www.juteks.si\/en\/wp-json\/wp\/v2\/pages\/2540"}],"collection":[{"href":"https:\/\/www.juteks.si\/en\/wp-json\/wp\/v2\/pages"}],"about":[{"href":"https:\/\/www.juteks.si\/en\/wp-json\/wp\/v2\/types\/page"}],"author":[{"embeddable":true,"href":"https:\/\/www.juteks.si\/en\/wp-json\/wp\/v2\/users\/1"}],"replies":[{"embeddable":true,"href":"https:\/\/www.juteks.si\/en\/wp-json\/wp\/v2\/comments?post=2540"}],"version-history":[{"count":5,"href":"https:\/\/www.juteks.si\/en\/wp-json\/wp\/v2\/pages\/2540\/revisions"}],"predecessor-version":[{"id":2601,"href":"https:\/\/www.juteks.si\/en\/wp-json\/wp\/v2\/pages\/2540\/revisions\/2601"}],"wp:attachment":[{"href":"https:\/\/www.juteks.si\/en\/wp-json\/wp\/v2\/media?parent=2540"}],"curies":[{"name":"wp","href":"https:\/\/api.w.org\/{rel}","templated":true}]}}